{"id":1764,"date":"2021-11-30T19:07:54","date_gmt":"2021-11-30T19:07:54","guid":{"rendered":"https:\/\/centinelaenarm.com.mx\/?page_id=1764"},"modified":"2021-12-01T00:20:59","modified_gmt":"2021-12-01T00:20:59","slug":"preguntas-frecuentes","status":"publish","type":"page","link":"https:\/\/centinelaenarm.com.mx\/index.php\/preguntas-frecuentes\/","title":{"rendered":"Preguntas Frecuentes"},"content":{"rendered":"<p>[vc_row full_width=&#8221;stretch_row&#8221; bg_type=&#8221;bg_color&#8221; css=&#8221;.vc_custom_1638311709833{background-image: url(https:\/\/centinelaenarm.com.mx\/wp-content\/uploads\/2021\/11\/pediatria-centinela.jpg?id=1791) !important;background-position: center !important;background-repeat: no-repeat !important;background-size: cover !important;}&#8221; bg_color_value=&#8221;rgba(216,104,61,0.9)&#8221;][vc_column width=&#8221;2\/12&#8243;][\/vc_column][vc_column width=&#8221;8\/12&#8243;][vc_empty_space height=&#8221;91px&#8221;][vc_empty_space height=&#8221;5px&#8221;][vc_custom_heading text=&#8221;Preguntas Frecuentes&#8221; font_container=&#8221;tag:h2|font_size:46px|text_align:center|color:%23ffffff&#8221; use_theme_fonts=&#8221;yes&#8221; css=&#8221;.vc_custom_1638312152155{margin-top: 0px !important;margin-bottom: 0px !important;}&#8221;][vc_empty_space height=&#8221;100px&#8221;][\/vc_column][vc_column width=&#8221;2\/12&#8243;][\/vc_column][\/vc_row][vc_row][vc_column][vc_empty_space height=&#8221;50px&#8221;][vc_tta_accordion][vc_tta_section title=&#8221;\u00bfPor qu\u00e9 Centinela ENARM es tu mejor opci\u00f3n?&#8221; tab_id=&#8221;por-que-centinela-enarm-es-tu-mejor-opcion&#8221;][vc_column_text]Centinela ENARM te ayuda a estudiar con estrategia, no importa si ya tienes un libro o un curso, nosotros nos dedicamos a mejorar tu puntaje brind\u00e1ndote las herramientas que te servir\u00e1n para hacer la diferencia en el ENARM.[\/vc_column_text][\/vc_tta_section][vc_tta_section title=&#8221;\u00bfPor qu\u00e9 pediatr\u00eda y ginecoobstetricia?&#8221; tab_id=&#8221;por-que-pediatria-y-ginecoobstetricia&#8221;][vc_column_text]En el ENARM 1 de cada 2 preguntas son de ginecoobstetricia y pediatr\u00eda, en centinela ENARM lo sabemos y por tal motivo juntamos a especialistas egresados de los mejores hospitales para dise\u00f1ar el contenido que te ayudar\u00e1 a hacer la diferencia en ese examen tan importante.[\/vc_column_text][\/vc_tta_section][vc_tta_section title=&#8221;\u00bfQu\u00e9 incluye?&#8221; tab_id=&#8221;que-incluye&#8221;][vc_column_text]<\/p>\n<ul class=\"ul1\">\n<li class=\"li1\">Audiolibro por cap\u00edtulo<\/li>\n<li class=\"li1\">Acceso a la plataforma virtual<\/li>\n<li class=\"li1\">Videoclases<\/li>\n<li class=\"li1\">Mas de 1000 casos cl\u00ednicos por libro<\/li>\n<li class=\"li1\">Acceso a la comunidad Centinela<\/li>\n<li class=\"li1\">Garant\u00eda de satisfacci\u00f3n Centinela<\/li>\n<li class=\"li1\">Acceso a GPC<\/li>\n<\/ul>\n<p>[\/vc_column_text][\/vc_tta_section][vc_tta_section title=&#8221;\u00bfCu\u00e1les son las herramientas digitales?&#8221; tab_id=&#8221;cuales-son-las-herramientas-digitales&#8221;][vc_column_text]<\/p>\n<ul class=\"ul1\">\n<li class=\"li1\">Audiolibro por cap\u00edtulo<\/li>\n<\/ul>\n<p class=\"p2\">Para utilizarlo es necesario escanear el c\u00f3digo QR que viene al inicio de cada cap\u00edtulo y te direccionar\u00e1 al audiolibro, solo es necesario colocar tu usuario y contrase\u00f1a y \u00a1listo! Podr\u00e1s disfrutar del contenido desde cualquier dispositivo.<\/p>\n<ul class=\"ul1\">\n<li class=\"li1\">Acceso a la plataforma virtual<\/li>\n<\/ul>\n<p class=\"p2\">Ingresa a <a href=\"https:\/\/centinelaenarm.com.mx\"><span class=\"s2\">https:\/\/centinelaenarm.com.mx<\/span><\/a> o descarga la App Centinela directo en tu celular y tendr\u00e1s acceso a casos cl\u00ednicos, fichas, y videoclases.<\/p>\n<p>[\/vc_column_text][\/vc_tta_section][vc_tta_section title=&#8221;\u00bfPor cu\u00e1nto tiempo tengo acceso a las herramientas digitales?&#8221; tab_id=&#8221;por-cuanto-tiempo-tengo-acceso-a-las-herramientas-digitales&#8221;][vc_column_text]<\/p>\n<p class=\"p1\">A partir de activar tu usuario tendr\u00e1s 1 a\u00f1o para disfrutar el contenido que Centinela ENARM te ofrece, si posterior a esta fecha quieres renovar tu membres\u00eda puedes hacerlo por tan solo $390.00 anual.<\/p>\n<p>[\/vc_column_text][\/vc_tta_section][vc_tta_section title=&#8221;\u00bfC\u00f3mo puedo pagar?&#8221; tab_id=&#8221;como-puedo-pagar&#8221;][vc_column_text]<\/p>\n<p class=\"p1\">Puedes hacer tu pago a trav\u00e9s de:<\/p>\n<ul class=\"ul1\">\n<li class=\"li1\">Tarjeta de cr\u00e9dito<\/li>\n<li class=\"li1\">Tarjeta de d\u00e9bito<\/li>\n<li class=\"li1\">Paypal<\/li>\n<li class=\"li1\">Pago en efectivo a trav\u00e9s de tiendas de conveniencia<\/li>\n<\/ul>\n<p><img decoding=\"async\" loading=\"lazy\" class=\"alignnone wp-image-1815 size-full\" src=\"https:\/\/centinelaenarm.com.mx\/wp-content\/uploads\/2021\/11\/pasosparapagar.jpg\" alt=\"\" width=\"1500\" height=\"372\" srcset=\"https:\/\/centinelaenarm.com.mx\/wp-content\/uploads\/2021\/11\/pasosparapagar.jpg 1500w, https:\/\/centinelaenarm.com.mx\/wp-content\/uploads\/2021\/11\/pasosparapagar-300x74.jpg 300w, https:\/\/centinelaenarm.com.mx\/wp-content\/uploads\/2021\/11\/pasosparapagar-1024x254.jpg 1024w, https:\/\/centinelaenarm.com.mx\/wp-content\/uploads\/2021\/11\/pasosparapagar-768x190.jpg 768w\" sizes=\"(max-width: 1500px) 100vw, 1500px\" \/><\/p>\n<p><img decoding=\"async\" loading=\"lazy\" class=\"alignnone wp-image-1814 size-full\" src=\"https:\/\/centinelaenarm.com.mx\/wp-content\/uploads\/2021\/11\/logos-pagos.jpg\" alt=\"\" width=\"1418\" height=\"784\" srcset=\"https:\/\/centinelaenarm.com.mx\/wp-content\/uploads\/2021\/11\/logos-pagos.jpg 1418w, https:\/\/centinelaenarm.com.mx\/wp-content\/uploads\/2021\/11\/logos-pagos-300x166.jpg 300w, https:\/\/centinelaenarm.com.mx\/wp-content\/uploads\/2021\/11\/logos-pagos-1024x566.jpg 1024w, https:\/\/centinelaenarm.com.mx\/wp-content\/uploads\/2021\/11\/logos-pagos-768x425.jpg 768w\" sizes=\"(max-width: 1418px) 100vw, 1418px\" \/><\/p>\n<p class=\"p1\">Para realizar tu pago ingresa en el siguiente link: https:\/\/centinelaenarm.com.mx<\/p>\n<p>[\/vc_column_text][\/vc_tta_section][vc_tta_section title=&#8221;\u00bfCosto de env\u00edo?&#8221; tab_id=&#8221;costo-de-envio&#8221;][vc_column_text]En Centinela ENARM no tenemos costo de env\u00edo, tu manual llegar\u00e1 a tu domicilio totalmente GRATIS[\/vc_column_text][\/vc_tta_section][vc_tta_section title=&#8221;\u00bfEn cuantos d\u00edas se entrega?&#8221; tab_id=&#8221;en-cuantos-dias-se-entrega&#8221;][vc_column_text]<\/p>\n<p class=\"p1\">El tiempo de entrega es de 2 a 5 d\u00edas h\u00e1biles<\/p>\n<p>[\/vc_column_text][\/vc_tta_section][vc_tta_section title=&#8221;\u00bfQu\u00e9 es el certificado de satisfacci\u00f3n Centinela?&#8221; tab_id=&#8221;que-es-el-certificado-de-satisfaccion-centinela&#8221;][vc_column_text]<\/p>\n<p class=\"p1\">En Centinela ENARM estamos comprometidos con mejorar tu puntaje en el ENARM, como ya lo han hecho muchos de nuestros clientes los cuales ya se encuentran haciendo una residencia, sabemos lo importante que es ese examen y lo que impactar\u00eda en tu vida, es por eso que ofrecemos nuestro certificado de satisfacci\u00f3n por 30 d\u00edas, en caso de no estar satisfecho te devolvemos tu dinero.<\/p>\n<p>[\/vc_column_text][\/vc_tta_section][vc_tta_section title=&#8221;\u00bfC\u00f3mo tengo acceso a la plataforma?&#8221; tab_id=&#8221;como-tengo-acceso-a-la-plataforma&#8221;][vc_column_text]<\/p>\n<p class=\"p1\">En la parte interna del manual encontrar\u00e1s tus datos de acceso<\/p>\n<p class=\"p1\">Puedes ingresar desde cualquier dispositivo a trav\u00e9s de la p\u00e1gina a <a href=\"https:\/\/centinelaenarm.com.mx\"><span class=\"s1\">https:\/\/centinelaenarm.com.mx<\/span><\/a> o descarga la App Centinela directo en tu celular y tendr\u00e1s acceso a casos cl\u00ednicos, fichas, y videoclases.<\/p>\n<p>[\/vc_column_text][\/vc_tta_section][vc_tta_section title=&#8221;\u00bfCu\u00e1l es la inversi\u00f3n para adquirir centinela ENARM?&#8221; tab_id=&#8221;cual-es-la-inversion-para-adquirir-centinela-enarm&#8221;][vc_column_text]Centinela ENARM pediatr\u00eda $ 890<br \/>\nCentinela ENARM Ginecobstetricia $ 790<br \/>\nAmbos cursos $ 1,500<\/p>\n<p>adqui\u00e9relos en: https:\/\/centinelaenarm.com.mx[\/vc_column_text][\/vc_tta_section][vc_tta_section title=&#8221;\u00bfQu\u00e9 es la comunidad centinela&#8221; tab_id=&#8221;que-es-la-comunidad-centinela&#8221;][vc_column_text]<\/p>\n<p class=\"p1\">Al adquirir Centinela tendr\u00e1s acceso al grupo de Telegram donde podr\u00e1s interactuar con doctores que al igual que tu se est\u00e1n preparando para el ENARM, este grupo selecto sirve para compartir tips y vivencias en su preparaci\u00f3n rumbo al examen.<\/p>\n<p>[\/vc_column_text][\/vc_tta_section][\/vc_tta_accordion][\/vc_column][\/vc_row][vc_row full_width=&#8221;stretch_row_content&#8221; bg_type=&#8221;bg_color&#8221; bg_color_value=&#8221;rgba(255,255,255,0.9)&#8221;][vc_column][vc_empty_space height=&#8221;47px&#8221;][\/vc_column][\/vc_row][vc_row content_placement=&#8221;middle&#8221;][vc_column width=&#8221;7\/12&#8243;][vc_empty_space height=&#8221;15px&#8221;]<div id=\"ultimate-heading-218369ea256f71b2a\" class=\"uvc-heading ult-adjust-bottom-margin ultimate-heading-218369ea256f71b2a uvc-1197 \" data-hspacer=\"no_spacer\"  data-halign=\"left\" style=\"text-align:left\"><div class=\"uvc-heading-spacer no_spacer\" style=\"top\"><\/div><div class=\"uvc-main-heading ult-responsive\"  data-ultimate-target='.uvc-heading.ultimate-heading-218369ea256f71b2a h2'  data-responsive-json-new='{\"font-size\":\"desktop:46px;\",\"line-height\":\"\"}' ><h2 style=\"font-weight:bold;\">\u00bfTienes dudas? \u00a1Cont\u00e1ctanos!<\/h2><\/div><\/div>[vc_empty_space height=&#8221;38px&#8221;][contact-form-7 id=&#8221;1758&#8243;][vc_empty_space height=&#8221;15px&#8221;][\/vc_column][vc_column width=&#8221;5\/12&#8243;][vc_empty_space height=&#8221;15px&#8221;]<div id=\"ultimate-heading-241569ea256f71b7b\" class=\"uvc-heading ult-adjust-bottom-margin ultimate-heading-241569ea256f71b7b uvc-1016 \" data-hspacer=\"no_spacer\"  data-halign=\"left\" style=\"text-align:left\"><div class=\"uvc-heading-spacer no_spacer\" style=\"top\"><\/div><div class=\"uvc-main-heading ult-responsive\"  data-ultimate-target='.uvc-heading.ultimate-heading-241569ea256f71b7b h2'  data-responsive-json-new='{\"font-size\":\"desktop:30px;\",\"line-height\":\"\"}' ><h2 style=\"font-weight:bold;\">Encu\u00e9ntranos<\/h2><\/div><\/div>[vc_empty_space height=&#8221;18px&#8221;][vc_column_text][cn-social-icon][\/vc_column_text][vc_empty_space height=&#8221;28px&#8221;]<div class=\"ult-content-box-container \" >\t<a class=\"ult-content-box-anchor\" href=\"https:\/\/centinelaenarm.com.mx\/index.php\/preguntas-frecuentes\/\" title=\"Preguntas Frecuentes\" >\t\t<div class=\"ult-content-box\" style=\"background-color:#d45213;box-shadow: px px px px none;border-style:solid;border-width:0px;border-radius:10px;border-color:#d45213;padding-top:16px;padding-right:33px;padding-bottom:16px;padding-left:33px;-webkit-transition: all 700ms ease;-moz-transition: all 700ms ease;-ms-transition: all 700ms ease;-o-transition: all 700ms ease;transition: all 700ms ease;\"  data-hover_bg_color=\"#d45213\"  data-hover_box_shadow=\"none\"  data-hover_border_color=\"#d45213\"     data-bg=\"#d45213\"  data-border_color=\"#d45213\" ><div id=\"ultimate-heading-907569ea256f71c2d\" class=\"uvc-heading ult-adjust-bottom-margin ultimate-heading-907569ea256f71c2d uvc-4440 \" data-hspacer=\"no_spacer\"  data-halign=\"center\" style=\"text-align:center\"><div class=\"uvc-heading-spacer no_spacer\" style=\"top\"><\/div><div class=\"uvc-main-heading ult-responsive\"  data-ultimate-target='.uvc-heading.ultimate-heading-907569ea256f71c2d h2'  data-responsive-json-new='{\"font-size\":\"desktop:30px;\",\"line-height\":\"\"}' ><h2 style=\"font-weight:bold;color:#ffffff;\">\u00bfTienes dudas?<\/h2><\/div><div class=\"uvc-sub-heading ult-responsive\"  data-ultimate-target='.uvc-heading.ultimate-heading-907569ea256f71c2d .uvc-sub-heading '  data-responsive-json-new='{\"font-size\":\"desktop:24px;\",\"line-height\":\"\"}'  style=\"font-weight:normal;color:#ffffff;\">Revisa nuestras preguntas frecuentes<\/div><\/div>\t\t<\/div>\t<\/a><\/div>[vc_empty_space height=&#8221;15px&#8221;][\/vc_column][\/vc_row][vc_row][vc_column][vc_empty_space height=&#8221;40px&#8221;][\/vc_column][\/vc_row]<\/p>\n","protected":false},"excerpt":{"rendered":"<p>[vc_row full_width=&#8221;stretch_row&#8221; bg_type=&#8221;bg_color&#8221; css=&#8221;.vc_custom_1638311709833{background-image: url(https:\/\/centinelaenarm.com.mx\/wp-content\/uploads\/2021\/11\/pediatria-centinela.jpg?id=1791) !important;background-position: center !important;background-repeat: no-repeat !important;background-size: cover !important;}&#8221; bg_color_value=&#8221;rgba(216,104,61,0.9)&#8221;][vc_column width=&#8221;2\/12&#8243;][\/vc_column][vc_column width=&#8221;8\/12&#8243;][vc_empty_space height=&#8221;91px&#8221;][vc_empty_space height=&#8221;5px&#8221;][vc_custom_heading text=&#8221;Preguntas Frecuentes&#8221; font_container=&#8221;tag:h2|font_size:46px|text_align:center|color:%23ffffff&#8221; use_theme_fonts=&#8221;yes&#8221; css=&#8221;.vc_custom_1638312152155{margin-top: 0px !important;margin-bottom: 0px !important;}&#8221;][vc_empty_space height=&#8221;100px&#8221;][\/vc_column][vc_column width=&#8221;2\/12&#8243;][\/vc_column][\/vc_row][vc_row][vc_column][vc_empty_space height=&#8221;50px&#8221;][vc_tta_accordion][vc_tta_section title=&#8221;\u00bfPor qu\u00e9 Centinela ENARM es tu mejor opci\u00f3n?&#8221; tab_id=&#8221;por-que-centinela-enarm-es-tu-mejor-opcion&#8221;][vc_column_text]Centinela ENARM te ayuda a estudiar con estrategia, no importa si ya tienes un libro o un curso, [&hellip;]<\/p>\n","protected":false},"author":125,"featured_media":0,"parent":0,"menu_order":0,"comment_status":"closed","ping_status":"closed","template":"","meta":[],"yoast_head":"<!-- This site is optimized with the Yoast SEO plugin v17.7 - https:\/\/yoast.com\/wordpress\/plugins\/seo\/ -->\n<title>Preguntas Frecuentes - Centinela ENARM<\/title>\n<meta name=\"robots\" content=\"index, follow, max-snippet:-1, max-image-preview:large, max-video-preview:-1\" \/>\n<link rel=\"canonical\" href=\"https:\/\/centinelaenarm.com.mx\/index.php\/preguntas-frecuentes\/\" \/>\n<meta property=\"og:locale\" content=\"en_US\" \/>\n<meta property=\"og:type\" content=\"article\" \/>\n<meta property=\"og:title\" content=\"Preguntas Frecuentes - Centinela ENARM\" \/>\n<meta property=\"og:description\" content=\"[vc_row full_width=&#8221;stretch_row&#8221; bg_type=&#8221;bg_color&#8221; css=&#8221;.vc_custom_1638311709833{background-image: url(https:\/\/centinelaenarm.com.mx\/wp-content\/uploads\/2021\/11\/pediatria-centinela.jpg?id=1791) !important;background-position: center !important;background-repeat: no-repeat !important;background-size: cover !important;}&#8221; bg_color_value=&#8221;rgba(216,104,61,0.9)&#8221;][vc_column width=&#8221;2\/12&#8243;][\/vc_column][vc_column width=&#8221;8\/12&#8243;][vc_empty_space height=&#8221;91px&#8221;][vc_empty_space height=&#8221;5px&#8221;][vc_custom_heading text=&#8221;Preguntas Frecuentes&#8221; font_container=&#8221;tag:h2|font_size:46px|text_align:center|color:%23ffffff&#8221; use_theme_fonts=&#8221;yes&#8221; css=&#8221;.vc_custom_1638312152155{margin-top: 0px !important;margin-bottom: 0px !important;}&#8221;][vc_empty_space height=&#8221;100px&#8221;][\/vc_column][vc_column width=&#8221;2\/12&#8243;][\/vc_column][\/vc_row][vc_row][vc_column][vc_empty_space height=&#8221;50px&#8221;][vc_tta_accordion][vc_tta_section title=&#8221;\u00bfPor qu\u00e9 Centinela ENARM es tu mejor opci\u00f3n?&#8221; tab_id=&#8221;por-que-centinela-enarm-es-tu-mejor-opcion&#8221;][vc_column_text]Centinela ENARM te ayuda a estudiar con estrategia, no importa si ya tienes un libro o un curso, [&hellip;]\" \/>\n<meta property=\"og:url\" content=\"https:\/\/centinelaenarm.com.mx\/index.php\/preguntas-frecuentes\/\" \/>\n<meta property=\"og:site_name\" content=\"Centinela ENARM\" \/>\n<meta property=\"article:modified_time\" content=\"2021-12-01T00:20:59+00:00\" \/>\n<meta property=\"og:image\" content=\"https:\/\/centinelaenarm.com.mx\/wp-content\/uploads\/2021\/11\/pasosparapagar.jpg\" \/>\n<meta name=\"twitter:card\" content=\"summary_large_image\" \/>\n<meta name=\"twitter:label1\" content=\"Est. reading time\" \/>\n\t<meta name=\"twitter:data1\" content=\"4 minutes\" \/>\n<script type=\"application\/ld+json\" class=\"yoast-schema-graph\">{\"@context\":\"https:\/\/schema.org\",\"@graph\":[{\"@type\":\"WebSite\",\"@id\":\"https:\/\/centinelaenarm.com.mx\/#website\",\"url\":\"https:\/\/centinelaenarm.com.mx\/\",\"name\":\"Centinela ENARM\",\"description\":\"Curso en l\\u00ednea\",\"potentialAction\":[{\"@type\":\"SearchAction\",\"target\":{\"@type\":\"EntryPoint\",\"urlTemplate\":\"https:\/\/centinelaenarm.com.mx\/?s={search_term_string}\"},\"query-input\":\"required name=search_term_string\"}],\"inLanguage\":\"en-US\"},{\"@type\":\"ImageObject\",\"@id\":\"https:\/\/centinelaenarm.com.mx\/index.php\/preguntas-frecuentes\/#primaryimage\",\"inLanguage\":\"en-US\",\"url\":\"https:\/\/centinelaenarm.com.mx\/wp-content\/uploads\/2021\/11\/pasosparapagar.jpg\",\"contentUrl\":\"https:\/\/centinelaenarm.com.mx\/wp-content\/uploads\/2021\/11\/pasosparapagar.jpg\",\"width\":1500,\"height\":372},{\"@type\":\"WebPage\",\"@id\":\"https:\/\/centinelaenarm.com.mx\/index.php\/preguntas-frecuentes\/#webpage\",\"url\":\"https:\/\/centinelaenarm.com.mx\/index.php\/preguntas-frecuentes\/\",\"name\":\"Preguntas Frecuentes - Centinela ENARM\",\"isPartOf\":{\"@id\":\"https:\/\/centinelaenarm.com.mx\/#website\"},\"primaryImageOfPage\":{\"@id\":\"https:\/\/centinelaenarm.com.mx\/index.php\/preguntas-frecuentes\/#primaryimage\"},\"datePublished\":\"2021-11-30T19:07:54+00:00\",\"dateModified\":\"2021-12-01T00:20:59+00:00\",\"breadcrumb\":{\"@id\":\"https:\/\/centinelaenarm.com.mx\/index.php\/preguntas-frecuentes\/#breadcrumb\"},\"inLanguage\":\"en-US\",\"potentialAction\":[{\"@type\":\"ReadAction\",\"target\":[\"https:\/\/centinelaenarm.com.mx\/index.php\/preguntas-frecuentes\/\"]}]},{\"@type\":\"BreadcrumbList\",\"@id\":\"https:\/\/centinelaenarm.com.mx\/index.php\/preguntas-frecuentes\/#breadcrumb\",\"itemListElement\":[{\"@type\":\"ListItem\",\"position\":1,\"name\":\"Inicio\",\"item\":\"https:\/\/centinelaenarm.com.mx\/\"},{\"@type\":\"ListItem\",\"position\":2,\"name\":\"Preguntas Frecuentes\"}]}]}<\/script>\n<!-- \/ Yoast SEO plugin. -->","yoast_head_json":{"title":"Preguntas Frecuentes - Centinela ENARM","robots":{"index":"index","follow":"follow","max-snippet":"max-snippet:-1","max-image-preview":"max-image-preview:large","max-video-preview":"max-video-preview:-1"},"canonical":"https:\/\/centinelaenarm.com.mx\/index.php\/preguntas-frecuentes\/","og_locale":"en_US","og_type":"article","og_title":"Preguntas Frecuentes - Centinela ENARM","og_description":"[vc_row full_width=&#8221;stretch_row&#8221; bg_type=&#8221;bg_color&#8221; css=&#8221;.vc_custom_1638311709833{background-image: url(https:\/\/centinelaenarm.com.mx\/wp-content\/uploads\/2021\/11\/pediatria-centinela.jpg?id=1791) !important;background-position: center !important;background-repeat: no-repeat !important;background-size: cover !important;}&#8221; bg_color_value=&#8221;rgba(216,104,61,0.9)&#8221;][vc_column width=&#8221;2\/12&#8243;][\/vc_column][vc_column width=&#8221;8\/12&#8243;][vc_empty_space height=&#8221;91px&#8221;][vc_empty_space height=&#8221;5px&#8221;][vc_custom_heading text=&#8221;Preguntas Frecuentes&#8221; font_container=&#8221;tag:h2|font_size:46px|text_align:center|color:%23ffffff&#8221; use_theme_fonts=&#8221;yes&#8221; css=&#8221;.vc_custom_1638312152155{margin-top: 0px !important;margin-bottom: 0px !important;}&#8221;][vc_empty_space height=&#8221;100px&#8221;][\/vc_column][vc_column width=&#8221;2\/12&#8243;][\/vc_column][\/vc_row][vc_row][vc_column][vc_empty_space height=&#8221;50px&#8221;][vc_tta_accordion][vc_tta_section title=&#8221;\u00bfPor qu\u00e9 Centinela ENARM es tu mejor opci\u00f3n?&#8221; tab_id=&#8221;por-que-centinela-enarm-es-tu-mejor-opcion&#8221;][vc_column_text]Centinela ENARM te ayuda a estudiar con estrategia, no importa si ya tienes un libro o un curso, [&hellip;]","og_url":"https:\/\/centinelaenarm.com.mx\/index.php\/preguntas-frecuentes\/","og_site_name":"Centinela ENARM","article_modified_time":"2021-12-01T00:20:59+00:00","og_image":[{"url":"https:\/\/centinelaenarm.com.mx\/wp-content\/uploads\/2021\/11\/pasosparapagar.jpg"}],"twitter_card":"summary_large_image","twitter_misc":{"Est. reading time":"4 minutes"},"schema":{"@context":"https:\/\/schema.org","@graph":[{"@type":"WebSite","@id":"https:\/\/centinelaenarm.com.mx\/#website","url":"https:\/\/centinelaenarm.com.mx\/","name":"Centinela ENARM","description":"Curso en l\u00ednea","potentialAction":[{"@type":"SearchAction","target":{"@type":"EntryPoint","urlTemplate":"https:\/\/centinelaenarm.com.mx\/?s={search_term_string}"},"query-input":"required name=search_term_string"}],"inLanguage":"en-US"},{"@type":"ImageObject","@id":"https:\/\/centinelaenarm.com.mx\/index.php\/preguntas-frecuentes\/#primaryimage","inLanguage":"en-US","url":"https:\/\/centinelaenarm.com.mx\/wp-content\/uploads\/2021\/11\/pasosparapagar.jpg","contentUrl":"https:\/\/centinelaenarm.com.mx\/wp-content\/uploads\/2021\/11\/pasosparapagar.jpg","width":1500,"height":372},{"@type":"WebPage","@id":"https:\/\/centinelaenarm.com.mx\/index.php\/preguntas-frecuentes\/#webpage","url":"https:\/\/centinelaenarm.com.mx\/index.php\/preguntas-frecuentes\/","name":"Preguntas Frecuentes - Centinela ENARM","isPartOf":{"@id":"https:\/\/centinelaenarm.com.mx\/#website"},"primaryImageOfPage":{"@id":"https:\/\/centinelaenarm.com.mx\/index.php\/preguntas-frecuentes\/#primaryimage"},"datePublished":"2021-11-30T19:07:54+00:00","dateModified":"2021-12-01T00:20:59+00:00","breadcrumb":{"@id":"https:\/\/centinelaenarm.com.mx\/index.php\/preguntas-frecuentes\/#breadcrumb"},"inLanguage":"en-US","potentialAction":[{"@type":"ReadAction","target":["https:\/\/centinelaenarm.com.mx\/index.php\/preguntas-frecuentes\/"]}]},{"@type":"BreadcrumbList","@id":"https:\/\/centinelaenarm.com.mx\/index.php\/preguntas-frecuentes\/#breadcrumb","itemListElement":[{"@type":"ListItem","position":1,"name":"Inicio","item":"https:\/\/centinelaenarm.com.mx\/"},{"@type":"ListItem","position":2,"name":"Preguntas Frecuentes"}]}]}},"_links":{"self":[{"href":"https:\/\/centinelaenarm.com.mx\/index.php\/wp-json\/wp\/v2\/pages\/1764"}],"collection":[{"href":"https:\/\/centinelaenarm.com.mx\/index.php\/wp-json\/wp\/v2\/pages"}],"about":[{"href":"https:\/\/centinelaenarm.com.mx\/index.php\/wp-json\/wp\/v2\/types\/page"}],"author":[{"embeddable":true,"href":"https:\/\/centinelaenarm.com.mx\/index.php\/wp-json\/wp\/v2\/users\/125"}],"replies":[{"embeddable":true,"href":"https:\/\/centinelaenarm.com.mx\/index.php\/wp-json\/wp\/v2\/comments?post=1764"}],"version-history":[{"count":6,"href":"https:\/\/centinelaenarm.com.mx\/index.php\/wp-json\/wp\/v2\/pages\/1764\/revisions"}],"predecessor-version":[{"id":1813,"href":"https:\/\/centinelaenarm.com.mx\/index.php\/wp-json\/wp\/v2\/pages\/1764\/revisions\/1813"}],"wp:attachment":[{"href":"https:\/\/centinelaenarm.com.mx\/index.php\/wp-json\/wp\/v2\/media?parent=1764"}],"curies":[{"name":"wp","href":"https:\/\/api.w.org\/{rel}","templated":true}]}}