{"id":1216,"date":"2020-10-22T01:08:16","date_gmt":"2020-10-22T01:08:16","guid":{"rendered":"http:\/\/centinelaenarm.com.mx\/?page_id=1216"},"modified":"2020-10-22T01:14:49","modified_gmt":"2020-10-22T01:14:49","slug":"politica-de-privacidad","status":"publish","type":"page","link":"https:\/\/centinelaenarm.com.mx\/index.php\/politica-de-privacidad\/","title":{"rendered":"Pol\u00edtica de Privacidad"},"content":{"rendered":"\t\t<div data-elementor-type=\"wp-page\" data-elementor-id=\"1216\" class=\"elementor elementor-1216\" data-elementor-settings=\"[]\">\n\t\t\t\t\t\t<div class=\"elementor-inner\">\n\t\t\t\t\t\t\t<div class=\"elementor-section-wrap\">\n\t\t\t\t\t\t\t<section class=\"elementor-section elementor-top-section elementor-element elementor-element-8bae4e4 elementor-section-stretched elementor-section-boxed elementor-section-height-default elementor-section-height-default\" data-id=\"8bae4e4\" data-element_type=\"section\" data-settings=\"{&quot;stretch_section&quot;:&quot;section-stretched&quot;}\">\n\t\t\t\t\t\t<div class=\"elementor-container elementor-column-gap-default\">\n\t\t\t\t\t\t\t<div class=\"elementor-row\">\n\t\t\t\t\t<div class=\"elementor-column elementor-col-100 elementor-top-column elementor-element elementor-element-19b2d30\" data-id=\"19b2d30\" data-element_type=\"column\">\n\t\t\t<div class=\"elementor-column-wrap\">\n\t\t\t\t\t\t\t<div class=\"elementor-widget-wrap\">\n\t\t\t\t\t\t\t\t<\/div>\n\t\t\t\t\t<\/div>\n\t\t<\/div>\n\t\t\t\t\t\t\t\t<\/div>\n\t\t\t\t\t<\/div>\n\t\t<\/section>\n\t\t\t\t<section class=\"elementor-section elementor-top-section elementor-element elementor-element-32a5fd4 elementor-section-stretched elementor-section-boxed elementor-section-height-default elementor-section-height-default\" data-id=\"32a5fd4\" data-element_type=\"section\" data-settings=\"{&quot;stretch_section&quot;:&quot;section-stretched&quot;,&quot;background_background&quot;:&quot;classic&quot;}\">\n\t\t\t\t\t\t<div class=\"elementor-container elementor-column-gap-default\">\n\t\t\t\t\t\t\t<div class=\"elementor-row\">\n\t\t\t\t\t<div class=\"elementor-column elementor-col-100 elementor-top-column elementor-element elementor-element-8529135\" data-id=\"8529135\" data-element_type=\"column\">\n\t\t\t<div class=\"elementor-column-wrap elementor-element-populated\">\n\t\t\t\t\t\t\t<div class=\"elementor-widget-wrap\">\n\t\t\t\t\t\t<div class=\"elementor-element elementor-element-f7e7688 elementor-widget elementor-widget-spacer\" data-id=\"f7e7688\" data-element_type=\"widget\" data-widget_type=\"spacer.default\">\n\t\t\t\t<div class=\"elementor-widget-container\">\n\t\t\t\t\t<div class=\"elementor-spacer\">\n\t\t\t<div class=\"elementor-spacer-inner\"><\/div>\n\t\t<\/div>\n\t\t\t\t<\/div>\n\t\t\t\t<\/div>\n\t\t\t\t\t\t<\/div>\n\t\t\t\t\t<\/div>\n\t\t<\/div>\n\t\t\t\t\t\t\t\t<\/div>\n\t\t\t\t\t<\/div>\n\t\t<\/section>\n\t\t\t\t<section class=\"elementor-section elementor-top-section elementor-element elementor-element-85247be elementor-section-stretched elementor-section-boxed elementor-section-height-default elementor-section-height-default\" data-id=\"85247be\" data-element_type=\"section\" data-settings=\"{&quot;stretch_section&quot;:&quot;section-stretched&quot;,&quot;background_background&quot;:&quot;classic&quot;}\">\n\t\t\t\t\t\t<div class=\"elementor-container elementor-column-gap-default\">\n\t\t\t\t\t\t\t<div class=\"elementor-row\">\n\t\t\t\t\t<div class=\"elementor-column elementor-col-100 elementor-top-column elementor-element elementor-element-299e8ab\" data-id=\"299e8ab\" data-element_type=\"column\">\n\t\t\t<div class=\"elementor-column-wrap elementor-element-populated\">\n\t\t\t\t\t\t\t<div class=\"elementor-widget-wrap\">\n\t\t\t\t\t\t<div class=\"elementor-element elementor-element-b3ffac3 elementor-widget elementor-widget-heading\" data-id=\"b3ffac3\" data-element_type=\"widget\" data-widget_type=\"heading.default\">\n\t\t\t\t<div class=\"elementor-widget-container\">\n\t\t\t<h2 class=\"elementor-heading-title elementor-size-default\">Pol\u00edtica de Privacidad<\/h2>\t\t<\/div>\n\t\t\t\t<\/div>\n\t\t\t\t\t\t<\/div>\n\t\t\t\t\t<\/div>\n\t\t<\/div>\n\t\t\t\t\t\t\t\t<\/div>\n\t\t\t\t\t<\/div>\n\t\t<\/section>\n\t\t\t\t<section class=\"elementor-section elementor-top-section elementor-element elementor-element-c80050a elementor-section-stretched elementor-section-boxed elementor-section-height-default elementor-section-height-default\" data-id=\"c80050a\" data-element_type=\"section\" data-settings=\"{&quot;stretch_section&quot;:&quot;section-stretched&quot;,&quot;background_background&quot;:&quot;classic&quot;}\">\n\t\t\t\t\t\t<div class=\"elementor-container elementor-column-gap-default\">\n\t\t\t\t\t\t\t<div class=\"elementor-row\">\n\t\t\t\t\t<div class=\"elementor-column elementor-col-100 elementor-top-column elementor-element elementor-element-2f486ea\" data-id=\"2f486ea\" data-element_type=\"column\">\n\t\t\t<div class=\"elementor-column-wrap elementor-element-populated\">\n\t\t\t\t\t\t\t<div class=\"elementor-widget-wrap\">\n\t\t\t\t\t\t<div class=\"elementor-element elementor-element-f0f17c2 elementor-widget elementor-widget-text-editor\" data-id=\"f0f17c2\" data-element_type=\"widget\" data-widget_type=\"text-editor.default\">\n\t\t\t\t<div class=\"elementor-widget-container\">\n\t\t\t\t\t\t\t\t<div class=\"elementor-text-editor elementor-clearfix\">\n\t\t\t\t<p>Pol\u00edtica de Privacidad<\/p><p>\u00a0<\/p><ol><li>General<\/li><\/ol><p>En EXANE, sabemos que te preocupas por tu informaci\u00f3n personal, as\u00ed que hemos preparado esta pol\u00edtica de privacidad (nuestra \u201cPol\u00edtica de Privacidad\u201d) para explicar c\u00f3mo la recolectamos, usamos y compartimos. Al usar o acceder al servicio, aceptas los t\u00e9rminos de \u00e9sta pol\u00edtica de Privacidad. Pudi\u00e9ramos actualizar nuestra pol\u00edtica de privacidad para reflejar cambios en nuestras pr\u00e1cticas de informaci\u00f3n. Si hacemos esto y los cambios son materiales, pondremos una notificaci\u00f3n de que hemos realizado cambios e la pol\u00edtica de privacidad en el sitio web al menos 7 d\u00edas despu\u00e9s de realizados los cambios, e indicaremos la fecha en la que estos t\u00e9rminos fueron revisados por \u00faltima vez al fondo de nuestra Pol\u00edtica de Privacidad.<\/p><p>Informaci\u00f3n que recopilamos<\/p><p>Cuando utilizas aplicaciones de EXANE nos provees de dos tipos de informaci\u00f3n: (i) informaci\u00f3n que env\u00edas v\u00eda el Servicio e (ii) informaci\u00f3n concerniente con tu uso del Servicio recolectada por nosotros mientras interact\u00faas con el Servicio.<\/p><p>Cuando utilizas nuestras aplicacionesm\u00f3viles, recolectamos tu tipo de dispositivo, el ID de tu dispositivo, y tu direcci\u00f3n IP. Adicionalmente, guardamos cierta informaci\u00f3n de tu buscador utilizando \u201ccookies\u201d. Una cookie es un fragmento de informaci\u00f3n guardado en la computadora del usuario ligado a informaci\u00f3n acerca del usuario. Utilizamos cookies de ID de la sesi\u00f3n para confirmar que los usuarios est\u00e1n conectados. Si no deseas que tu informaci\u00f3n sea recolectada por medio del uso de cookies, hay un procedimiento simple en la mayor\u00eda de los buscadores que permite denegar o aceptar el uso de cookies; sin embargo, deber\u00e1s notar que las cookies pueden ser necesarias para proveerte de ciertas caracter\u00edsticas disponibles por medio del sitio web (ej. entrega de informaci\u00f3n personalizada).<\/p><p>A trav\u00e9s del proceso de registro pudieras proveernos de tu nombre y tu direcci\u00f3n de email, tu ciudad de residencia, y otra informaci\u00f3n que pudiera ser requerida durante el proceso de registro. Cundo utilizas el servicio pudieras enviar informaci\u00f3n y contenido a tu perfil, generar datos de actividad al interactuar en actividades educacionales en las aplicaciones o mandar mensajes y de cualquier manera transmitir informaci\u00f3n a otros usuarios. Nosotros guardamos esta informaci\u00f3n para poder proveerte con el servicio y poder ofrecer caracter\u00edsticas personalizadas.<\/p><p>No compartimos ninguna informaci\u00f3n personal tuya con terceras partes a menos que sea necesario para ofrecer el Servicio o que sea requerido por la ley (ver debajo para m\u00e1s especificidad).<\/p><ol start=\"2\"><li>Uso de Informaci\u00f3n obtenida por EXANE<\/li><\/ol><p>Pudi\u00e9ramos utilizar tu informaci\u00f3n de contacto para enviarte notificaciones acerca de nuevos servicios ofrecidos por EXANEque pensamos podr\u00edas encontrar valioso. EXANE podr\u00eda tambi\u00e9n enviarte anuncios relacionados al servicio de vez en cuando a trav\u00e9s de la operaci\u00f3n general del servicio.<\/p><p>La informaci\u00f3n de perfil es utilizada por EXANE para ser presentada de vuelta a ti y editada para que accedas al servicio y para ser presentada a otros usuarios.<\/p><p>EXANE podr\u00eda utilizar o compartir datos agregados o an\u00f3nimos recolectados a trav\u00e9s del servicio, incluyendo datos de actividad para prop\u00f3sito de entender o mejorar el servicio.<\/p><ol start=\"3\"><li>Informaci\u00f3n Obtenida por Terceras Partes<\/li><\/ol><p>Para apoyar y mejorar el servicio, pudi\u00e9ramos trabajar con una variedad de redes de anunciantes de terceras partes, proveedores de servicios de an\u00e1lisis de mercadeo y an\u00e1lisis de sitios web (colectivamente, \u201cProveedores de Servicio de Terceras Partes\u201d). Estos Proveedores de Servicios de Anuncios de Terceras Partes pudieran recolectar y utilizar informaci\u00f3n no personal acerca de tus visitas y utilizar el sitio web y la aplicaci\u00f3n m\u00f3vil as\u00ed como otros sitios web para proveer de anuncios y contenidos personalizados para cumplir con tus preferencias e intereses probables o para entender mejor la afectividad de los anuncios. Datos agregados de inter\u00e9s y demograf\u00eda pudieran ser tambi\u00e9n utilizados para prop\u00f3sitos de investigaci\u00f3n de mercado.<\/p><p>Pudieras optar por no recibir anuncios personalizados de anunciantes y redes de anunciantes. Adicionalmente, tu dispositivo m\u00f3vil puede ofrecer configuraciones que permitan hacer una elecci\u00f3n acerca de la recolecci\u00f3n, uso o transferencia de informaci\u00f3n de aplicaciones m\u00f3viles en l\u00ednea para anuncios por comportamiento (por ejemplo, el ID de Anuncios de IOS de Apple y el ID de Anuncios de Android de Google). Por favor n\u00f3tese que la opci\u00f3n de no recibir anuncios no previene el recibir todo anuncio dirigido a ti.<\/p><ol start=\"4\"><li>Compartiendo tu Informaci\u00f3n de Identificaci\u00f3n Personal con Terceras Partes<\/li><\/ol><p>EXANE comparte tu informaci\u00f3n de identificaci\u00f3n personal solo cuando es razonablemente necesario para ofrecer el servicio, sea legalmente requerido, o sea permitido por ti.<\/p><p>Pudi\u00e9ramos ser requeridos para acceder y revelar informaci\u00f3n de identificaci\u00f3n personal en respuesta a requerimientos legales, como citaciones u \u00f3rdenes de corte, o en complacencia con leyes aplicables. Adicionalmente, podr\u00edamos acceder a cuentas y compartir informaci\u00f3n de identificaci\u00f3n personal cuando consideremos que es necesario cumplir con la ley, para proteger nuestros intereses o propiedad, para prevenir fraudes u otras actividades ilegales perpetradas a trav\u00e9s del servicio o usando el nombre EXANE, o para prevenir un da\u00f1o inminente. Esto puede incluir acceder y compartir informaci\u00f3n de identificaci\u00f3n personal con otras compa\u00f1\u00edas, abogados, agentes o agencias de gobierno.<\/p><p>Si la propiedad de todo o una parte substancial de el negocio de EXANE, o de unidades individuales de negocios o recursos propiedad de EXANE que est\u00e9n relacionadas al servicio, fueran a cambiar, tu informaci\u00f3n de identificaci\u00f3n personal pudiera ser transferida a un nuevo due\u00f1o. En cualquier caso de dicha transferencia de informaci\u00f3n, tu informaci\u00f3n de identificaci\u00f3n personal permanecer\u00e1 sujeta a esta secci\u00f3n.<\/p><ol start=\"5\"><li>Actualizar o borrar tu Informac\u00f3n de Identifiaci\u00f3n Personal<\/li><\/ol><p>Tienes en todo momento el derecho de borrar tu cuenta con EXANE al seguir las siguientes instrucciones disponibles a trav\u00e9s del servicio. Despu\u00e9s de que tu cuenta ha sido borrada retendremos datos agregados o an\u00f3nimos recolectados a trav\u00e9s del servicio, incluyendo Datos de Actividad, los cuales pudieran ser utilizados por EXANE y compartidos con terceras partes en cualquier manera.<\/p><p>Sitios Web y Enlaces de Terceras Partes<\/p><p>Por favor, n\u00f3tese que pudieras tener cookies en tu computadora colocados por terceras partes que te refieran a nuestro Servicio. A pesar de que no compartimos tu informaci\u00f3n personal con los sitios web de estas terceras partes a menos que sea razonablemente necesario para ofrecer el servicio, ellos pudieran ser capaces de enlazar cierta informaci\u00f3n de identificaci\u00f3n no personal que les transfiramos con informaci\u00f3n personal que ellos hallan previamente recolectado de ti. Por favor revise las pol\u00edticas de privacidad de cada sitio web que visita para mejor entender sus pr\u00e1cticas de privacidad. Adicionalmente, EXANE gustar\u00eda de informarte cada vez que hace click en esos enlaces (incluyendo banners de anunicantes), los cuales los llevar\u00e1n a sitios web de terceras partes, donde ser\u00e1s sujeto a las pol\u00edticas de privacidad de dichas terceras partes.<\/p><p>Nuestro Servicio pudiera contener enlaces a otros sitios operados por terceras partes. EXANE no controla dichos sitios y no se hace responsable por su contenido, sus pol\u00edticas de privacidad, o su uso de informaci\u00f3n personal, incluyendo cualquier informaci\u00f3n personal o financiera recolectada por nuestro procesador de pagos de terceras partes para procesar pagos de compras dentro de la app. La inclusi\u00f3n por EXANE de dichos enlaces no implica ning\u00fan patrocinio del contenido de dichos sitios o de sus due\u00f1os u operadores excepto aquellos expl\u00edcitamente expresados en el servicio. Cualquier informaci\u00f3n enviada por ti directamente a estas terceras partes est\u00e1 sujeta a las pol\u00edticas de privacidad de dichas terceras partes.<\/p><ol start=\"6\"><li>Enlaces<\/li><\/ol><p>El servicio pudiera contener enlaces a otros sitios web. No nos hacemos responsables por las pr\u00e1cticas de privacidad de otros sitios web. Exhortamos a los usuarios a estar enterados que cuando abandonan el Servicio para leer las declaraciones de privacidad de otros sitios web que recolectan informaci\u00f3n de identificaci\u00f3n personal. Esta Pol\u00edtica de Privacidad aplica solamente a informaci\u00f3n recolectada por EXANE v\u00eda el Servicio.<\/p><ol start=\"7\"><li>Seguridad de Informaci\u00f3n<\/li><\/ol><p>EXANE ha implementado salvaguardas administrativas y t\u00e9cnicas que cree que son suficientes para proteger la confidencialidad, integridad y disponibilidad de tu avance en las aplicaciones. Sin embargo, creemos que un atacante suficientemente determinado y con suficientes recursos pudiera circunnavegar dichas salvaguardas y pudiera, como resultado, obtener acceso a la informaci\u00f3n que buscamos proteger.<\/p><ol start=\"8\"><li>No Rastrear<\/li><\/ol><p>El servicio no est\u00e1 dise\u00f1ado para responder a se\u00f1alamientos de \u201cno rastreo\u201d enviados por algunos buscadores.<\/p><ol start=\"9\"><li>Cont\u00e1ctanos<\/li><\/ol><p>Para entender m\u00e1s acerca de nuestra Pol\u00edtica de Privacidad, acceder a tu informaci\u00f3n, o realizar preguntas acerca de nuestras pr\u00e1cticas de privacidad o generar una queja, por favor cont\u00e1ctanos en info@exane.com.mx<\/p><p>\u00a0<\/p><p>\u00daltima revisi\u00f3n el 20 de octubre de 2020.<\/p>\t\t\t\t\t<\/div>\n\t\t\t\t\t\t<\/div>\n\t\t\t\t<\/div>\n\t\t\t\t\t\t<\/div>\n\t\t\t\t\t<\/div>\n\t\t<\/div>\n\t\t\t\t\t\t\t\t<\/div>\n\t\t\t\t\t<\/div>\n\t\t<\/section>\n\t\t\t\t\t\t<\/div>\n\t\t\t\t\t\t<\/div>\n\t\t\t\t\t<\/div>\n\t\t","protected":false},"excerpt":{"rendered":"<p>Pol\u00edtica de Privacidad Pol\u00edtica de Privacidad \u00a0 General En EXANE, sabemos que te preocupas por tu informaci\u00f3n personal, as\u00ed que hemos preparado esta pol\u00edtica de privacidad (nuestra \u201cPol\u00edtica de Privacidad\u201d) para explicar c\u00f3mo la recolectamos, usamos y compartimos. Al usar o acceder al servicio, aceptas los t\u00e9rminos de \u00e9sta pol\u00edtica de Privacidad. Pudi\u00e9ramos actualizar nuestra [&hellip;]<\/p>\n","protected":false},"author":1,"featured_media":0,"parent":0,"menu_order":0,"comment_status":"closed","ping_status":"closed","template":"elementor_canvas","meta":[],"yoast_head":"<!-- This site is optimized with the Yoast SEO plugin v17.7 - https:\/\/yoast.com\/wordpress\/plugins\/seo\/ -->\n<title>Pol\u00edtica de Privacidad - Centinela ENARM<\/title>\n<meta name=\"robots\" content=\"index, follow, max-snippet:-1, max-image-preview:large, max-video-preview:-1\" \/>\n<link rel=\"canonical\" href=\"https:\/\/centinelaenarm.com.mx\/index.php\/politica-de-privacidad\/\" \/>\n<meta property=\"og:locale\" content=\"en_US\" \/>\n<meta property=\"og:type\" content=\"article\" \/>\n<meta property=\"og:title\" content=\"Pol\u00edtica de Privacidad - Centinela ENARM\" \/>\n<meta property=\"og:description\" content=\"Pol\u00edtica de Privacidad Pol\u00edtica de Privacidad \u00a0 General En EXANE, sabemos que te preocupas por tu informaci\u00f3n personal, as\u00ed que hemos preparado esta pol\u00edtica de privacidad (nuestra \u201cPol\u00edtica de Privacidad\u201d) para explicar c\u00f3mo la recolectamos, usamos y compartimos. Al usar o acceder al servicio, aceptas los t\u00e9rminos de \u00e9sta pol\u00edtica de Privacidad. Pudi\u00e9ramos actualizar nuestra [&hellip;]\" \/>\n<meta property=\"og:url\" content=\"https:\/\/centinelaenarm.com.mx\/index.php\/politica-de-privacidad\/\" \/>\n<meta property=\"og:site_name\" content=\"Centinela ENARM\" \/>\n<meta property=\"article:modified_time\" content=\"2020-10-22T01:14:49+00:00\" \/>\n<meta name=\"twitter:card\" content=\"summary_large_image\" \/>\n<meta name=\"twitter:label1\" content=\"Est. reading time\" \/>\n\t<meta name=\"twitter:data1\" content=\"8 minutes\" \/>\n<script type=\"application\/ld+json\" class=\"yoast-schema-graph\">{\"@context\":\"https:\/\/schema.org\",\"@graph\":[{\"@type\":\"WebSite\",\"@id\":\"https:\/\/centinelaenarm.com.mx\/#website\",\"url\":\"https:\/\/centinelaenarm.com.mx\/\",\"name\":\"Centinela ENARM\",\"description\":\"Curso en l\\u00ednea\",\"potentialAction\":[{\"@type\":\"SearchAction\",\"target\":{\"@type\":\"EntryPoint\",\"urlTemplate\":\"https:\/\/centinelaenarm.com.mx\/?s={search_term_string}\"},\"query-input\":\"required name=search_term_string\"}],\"inLanguage\":\"en-US\"},{\"@type\":\"WebPage\",\"@id\":\"https:\/\/centinelaenarm.com.mx\/index.php\/politica-de-privacidad\/#webpage\",\"url\":\"https:\/\/centinelaenarm.com.mx\/index.php\/politica-de-privacidad\/\",\"name\":\"Pol\\u00edtica de Privacidad - Centinela ENARM\",\"isPartOf\":{\"@id\":\"https:\/\/centinelaenarm.com.mx\/#website\"},\"datePublished\":\"2020-10-22T01:08:16+00:00\",\"dateModified\":\"2020-10-22T01:14:49+00:00\",\"breadcrumb\":{\"@id\":\"https:\/\/centinelaenarm.com.mx\/index.php\/politica-de-privacidad\/#breadcrumb\"},\"inLanguage\":\"en-US\",\"potentialAction\":[{\"@type\":\"ReadAction\",\"target\":[\"https:\/\/centinelaenarm.com.mx\/index.php\/politica-de-privacidad\/\"]}]},{\"@type\":\"BreadcrumbList\",\"@id\":\"https:\/\/centinelaenarm.com.mx\/index.php\/politica-de-privacidad\/#breadcrumb\",\"itemListElement\":[{\"@type\":\"ListItem\",\"position\":1,\"name\":\"Inicio\",\"item\":\"https:\/\/centinelaenarm.com.mx\/\"},{\"@type\":\"ListItem\",\"position\":2,\"name\":\"Pol\\u00edtica de Privacidad\"}]}]}<\/script>\n<!-- \/ Yoast SEO plugin. -->","yoast_head_json":{"title":"Pol\u00edtica de Privacidad - Centinela ENARM","robots":{"index":"index","follow":"follow","max-snippet":"max-snippet:-1","max-image-preview":"max-image-preview:large","max-video-preview":"max-video-preview:-1"},"canonical":"https:\/\/centinelaenarm.com.mx\/index.php\/politica-de-privacidad\/","og_locale":"en_US","og_type":"article","og_title":"Pol\u00edtica de Privacidad - Centinela ENARM","og_description":"Pol\u00edtica de Privacidad Pol\u00edtica de Privacidad \u00a0 General En EXANE, sabemos que te preocupas por tu informaci\u00f3n personal, as\u00ed que hemos preparado esta pol\u00edtica de privacidad (nuestra \u201cPol\u00edtica de Privacidad\u201d) para explicar c\u00f3mo la recolectamos, usamos y compartimos. Al usar o acceder al servicio, aceptas los t\u00e9rminos de \u00e9sta pol\u00edtica de Privacidad. Pudi\u00e9ramos actualizar nuestra [&hellip;]","og_url":"https:\/\/centinelaenarm.com.mx\/index.php\/politica-de-privacidad\/","og_site_name":"Centinela ENARM","article_modified_time":"2020-10-22T01:14:49+00:00","twitter_card":"summary_large_image","twitter_misc":{"Est. reading time":"8 minutes"},"schema":{"@context":"https:\/\/schema.org","@graph":[{"@type":"WebSite","@id":"https:\/\/centinelaenarm.com.mx\/#website","url":"https:\/\/centinelaenarm.com.mx\/","name":"Centinela ENARM","description":"Curso en l\u00ednea","potentialAction":[{"@type":"SearchAction","target":{"@type":"EntryPoint","urlTemplate":"https:\/\/centinelaenarm.com.mx\/?s={search_term_string}"},"query-input":"required name=search_term_string"}],"inLanguage":"en-US"},{"@type":"WebPage","@id":"https:\/\/centinelaenarm.com.mx\/index.php\/politica-de-privacidad\/#webpage","url":"https:\/\/centinelaenarm.com.mx\/index.php\/politica-de-privacidad\/","name":"Pol\u00edtica de Privacidad - Centinela ENARM","isPartOf":{"@id":"https:\/\/centinelaenarm.com.mx\/#website"},"datePublished":"2020-10-22T01:08:16+00:00","dateModified":"2020-10-22T01:14:49+00:00","breadcrumb":{"@id":"https:\/\/centinelaenarm.com.mx\/index.php\/politica-de-privacidad\/#breadcrumb"},"inLanguage":"en-US","potentialAction":[{"@type":"ReadAction","target":["https:\/\/centinelaenarm.com.mx\/index.php\/politica-de-privacidad\/"]}]},{"@type":"BreadcrumbList","@id":"https:\/\/centinelaenarm.com.mx\/index.php\/politica-de-privacidad\/#breadcrumb","itemListElement":[{"@type":"ListItem","position":1,"name":"Inicio","item":"https:\/\/centinelaenarm.com.mx\/"},{"@type":"ListItem","position":2,"name":"Pol\u00edtica de Privacidad"}]}]}},"_links":{"self":[{"href":"https:\/\/centinelaenarm.com.mx\/index.php\/wp-json\/wp\/v2\/pages\/1216"}],"collection":[{"href":"https:\/\/centinelaenarm.com.mx\/index.php\/wp-json\/wp\/v2\/pages"}],"about":[{"href":"https:\/\/centinelaenarm.com.mx\/index.php\/wp-json\/wp\/v2\/types\/page"}],"author":[{"embeddable":true,"href":"https:\/\/centinelaenarm.com.mx\/index.php\/wp-json\/wp\/v2\/users\/1"}],"replies":[{"embeddable":true,"href":"https:\/\/centinelaenarm.com.mx\/index.php\/wp-json\/wp\/v2\/comments?post=1216"}],"version-history":[{"count":2,"href":"https:\/\/centinelaenarm.com.mx\/index.php\/wp-json\/wp\/v2\/pages\/1216\/revisions"}],"predecessor-version":[{"id":1219,"href":"https:\/\/centinelaenarm.com.mx\/index.php\/wp-json\/wp\/v2\/pages\/1216\/revisions\/1219"}],"wp:attachment":[{"href":"https:\/\/centinelaenarm.com.mx\/index.php\/wp-json\/wp\/v2\/media?parent=1216"}],"curies":[{"name":"wp","href":"https:\/\/api.w.org\/{rel}","templated":true}]}}