{"id":1118,"date":"2020-08-31T18:13:41","date_gmt":"2020-08-31T18:13:41","guid":{"rendered":"http:\/\/centinelaenarm.com.mx\/?page_id=1118"},"modified":"2020-08-31T18:14:22","modified_gmt":"2020-08-31T18:14:22","slug":"ss-283-12-rer-sepsis-y-choque-sxptico-rn","status":"publish","type":"page","link":"https:\/\/centinelaenarm.com.mx\/index.php\/ss-283-12-rer-sepsis-y-choque-sxptico-rn\/","title":{"rendered":"Prevenci\u00f3n, Diagn\u00f3stico y Tratamiento de SEPSIS y CHOQUE S\u00c9PTICO DEL RECI\u00c9N NACIDO, en el Segundo y Tercer Nivel de Atenci\u00f3n"},"content":{"rendered":"\t\t<div data-elementor-type=\"wp-page\" data-elementor-id=\"1118\" class=\"elementor elementor-1118\" data-elementor-settings=\"[]\">\n\t\t\t\t\t\t<div class=\"elementor-inner\">\n\t\t\t\t\t\t\t<div class=\"elementor-section-wrap\">\n\t\t\t\t\t\t\t<section class=\"elementor-section elementor-top-section elementor-element elementor-element-234b850 elementor-section-stretched elementor-section-boxed elementor-section-height-default elementor-section-height-default\" data-id=\"234b850\" data-element_type=\"section\" data-settings=\"{&quot;stretch_section&quot;:&quot;section-stretched&quot;,&quot;background_background&quot;:&quot;classic&quot;}\">\n\t\t\t\t\t\t<div class=\"elementor-container elementor-column-gap-default\">\n\t\t\t\t\t\t\t<div class=\"elementor-row\">\n\t\t\t\t\t<div class=\"elementor-column elementor-col-100 elementor-top-column elementor-element elementor-element-84aa448\" data-id=\"84aa448\" data-element_type=\"column\">\n\t\t\t<div class=\"elementor-column-wrap elementor-element-populated\">\n\t\t\t\t\t\t\t<div class=\"elementor-widget-wrap\">\n\t\t\t\t\t\t<div class=\"elementor-element elementor-element-e8d51b1 elementor-widget elementor-widget-heading\" data-id=\"e8d51b1\" data-element_type=\"widget\" data-widget_type=\"heading.default\">\n\t\t\t\t<div class=\"elementor-widget-container\">\n\t\t\t<h2 class=\"elementor-heading-title elementor-size-default\">Descarga gu\u00eda de pr\u00e1ctica cl\u00ednica<\/h2>\t\t<\/div>\n\t\t\t\t<\/div>\n\t\t\t\t<div class=\"elementor-element elementor-element-f4b5640 elementor-widget elementor-widget-text-editor\" data-id=\"f4b5640\" data-element_type=\"widget\" data-widget_type=\"text-editor.default\">\n\t\t\t\t<div class=\"elementor-widget-container\">\n\t\t\t\t\t\t\t\t<div class=\"elementor-text-editor elementor-clearfix\">\n\t\t\t\t<p>Prevenci\u00f3n, Diagn\u00f3stico y Tratamiento de SEPSIS y CHOQUE S\u00c9PTICO DEL RECI\u00c9N NACIDO, en el Segundo y Tercer Nivel de Atenci\u00f3n<\/p>\t\t\t\t\t<\/div>\n\t\t\t\t\t\t<\/div>\n\t\t\t\t<\/div>\n\t\t\t\t\t\t<\/div>\n\t\t\t\t\t<\/div>\n\t\t<\/div>\n\t\t\t\t\t\t\t\t<\/div>\n\t\t\t\t\t<\/div>\n\t\t<\/section>\n\t\t\t\t<section class=\"elementor-section elementor-top-section elementor-element elementor-element-7d5220f elementor-section-stretched elementor-section-boxed elementor-section-height-default elementor-section-height-default\" data-id=\"7d5220f\" data-element_type=\"section\" data-settings=\"{&quot;stretch_section&quot;:&quot;section-stretched&quot;}\">\n\t\t\t\t\t\t<div class=\"elementor-container elementor-column-gap-default\">\n\t\t\t\t\t\t\t<div class=\"elementor-row\">\n\t\t\t\t\t<div class=\"elementor-column elementor-col-50 elementor-top-column elementor-element elementor-element-5cbecc4\" data-id=\"5cbecc4\" data-element_type=\"column\">\n\t\t\t<div class=\"elementor-column-wrap elementor-element-populated\">\n\t\t\t\t\t\t\t<div class=\"elementor-widget-wrap\">\n\t\t\t\t\t\t<div class=\"elementor-element elementor-element-b2bbe3c elementor-widget elementor-widget-image\" data-id=\"b2bbe3c\" data-element_type=\"widget\" data-widget_type=\"image.default\">\n\t\t\t\t<div class=\"elementor-widget-container\">\n\t\t\t\t\t\t\t\t<div class=\"elementor-image\">\n\t\t\t\t\t\t\t\t\t\t\t\t<img decoding=\"async\" width=\"256\" height=\"300\" src=\"https:\/\/centinelaenarm.com.mx\/wp-content\/uploads\/2020\/08\/SS-283-12_RER_SEPSIS_Y_CHOQUE_SxPTICO_RN-256x300.png\" class=\"attachment-medium size-medium\" alt=\"\" loading=\"lazy\" srcset=\"https:\/\/centinelaenarm.com.mx\/wp-content\/uploads\/2020\/08\/SS-283-12_RER_SEPSIS_Y_CHOQUE_SxPTICO_RN-256x300.png 256w, https:\/\/centinelaenarm.com.mx\/wp-content\/uploads\/2020\/08\/SS-283-12_RER_SEPSIS_Y_CHOQUE_SxPTICO_RN-768x900.png 768w, https:\/\/centinelaenarm.com.mx\/wp-content\/uploads\/2020\/08\/SS-283-12_RER_SEPSIS_Y_CHOQUE_SxPTICO_RN.png 829w\" sizes=\"(max-width: 256px) 100vw, 256px\" \/>\t\t\t\t\t\t\t\t\t\t\t\t\t\t<\/div>\n\t\t\t\t\t\t<\/div>\n\t\t\t\t<\/div>\n\t\t\t\t\t\t<\/div>\n\t\t\t\t\t<\/div>\n\t\t<\/div>\n\t\t\t\t<div class=\"elementor-column elementor-col-50 elementor-top-column elementor-element elementor-element-0b763e5\" data-id=\"0b763e5\" data-element_type=\"column\">\n\t\t\t<div class=\"elementor-column-wrap elementor-element-populated\">\n\t\t\t\t\t\t\t<div class=\"elementor-widget-wrap\">\n\t\t\t\t\t\t<div class=\"elementor-element elementor-element-43f8bd8 elementor-widget elementor-widget-spacer\" data-id=\"43f8bd8\" data-element_type=\"widget\" data-widget_type=\"spacer.default\">\n\t\t\t\t<div class=\"elementor-widget-container\">\n\t\t\t\t\t<div class=\"elementor-spacer\">\n\t\t\t<div class=\"elementor-spacer-inner\"><\/div>\n\t\t<\/div>\n\t\t\t\t<\/div>\n\t\t\t\t<\/div>\n\t\t\t\t<div class=\"elementor-element elementor-element-6561842 elementor-widget elementor-widget-shortcode\" data-id=\"6561842\" data-element_type=\"widget\" data-widget_type=\"shortcode.default\">\n\t\t\t\t<div class=\"elementor-widget-container\">\n\t\t\t\t\t<div class=\"elementor-shortcode\">[contact-form-7 id=\"1103\" title=\"SS-283-12_RER_SEPSIS_Y_CHOQUE_SxPTICO_RN\"]<\/div>\n\t\t\t\t<\/div>\n\t\t\t\t<\/div>\n\t\t\t\t\t\t<\/div>\n\t\t\t\t\t<\/div>\n\t\t<\/div>\n\t\t\t\t\t\t\t\t<\/div>\n\t\t\t\t\t<\/div>\n\t\t<\/section>\n\t\t\t\t<section class=\"elementor-section elementor-top-section elementor-element elementor-element-cd0a99e elementor-section-stretched elementor-section-boxed elementor-section-height-default elementor-section-height-default\" data-id=\"cd0a99e\" data-element_type=\"section\" data-settings=\"{&quot;stretch_section&quot;:&quot;section-stretched&quot;}\">\n\t\t\t\t\t\t<div class=\"elementor-container elementor-column-gap-default\">\n\t\t\t\t\t\t\t<div class=\"elementor-row\">\n\t\t\t\t\t<div class=\"elementor-column elementor-col-100 elementor-top-column elementor-element elementor-element-06d95e4\" data-id=\"06d95e4\" data-element_type=\"column\">\n\t\t\t<div class=\"elementor-column-wrap elementor-element-populated\">\n\t\t\t\t\t\t\t<div class=\"elementor-widget-wrap\">\n\t\t\t\t\t\t<div class=\"elementor-element elementor-element-f89e226 elementor-widget elementor-widget-image\" data-id=\"f89e226\" data-element_type=\"widget\" data-widget_type=\"image.default\">\n\t\t\t\t<div class=\"elementor-widget-container\">\n\t\t\t\t\t\t\t\t<div class=\"elementor-image\">\n\t\t\t\t\t\t\t\t\t\t\t\t<img decoding=\"async\" width=\"440\" height=\"196\" src=\"https:\/\/centinelaenarm.com.mx\/wp-content\/uploads\/2020\/03\/cupon-sombra-1.png\" class=\"attachment-large size-large\" alt=\"\" loading=\"lazy\" srcset=\"https:\/\/centinelaenarm.com.mx\/wp-content\/uploads\/2020\/03\/cupon-sombra-1.png 440w, https:\/\/centinelaenarm.com.mx\/wp-content\/uploads\/2020\/03\/cupon-sombra-1-300x134.png 300w\" sizes=\"(max-width: 440px) 100vw, 440px\" \/>\t\t\t\t\t\t\t\t\t\t\t\t\t\t<\/div>\n\t\t\t\t\t\t<\/div>\n\t\t\t\t<\/div>\n\t\t\t\t<div class=\"elementor-element elementor-element-ec7197a elementor-align-center elementor-widget elementor-widget-button\" data-id=\"ec7197a\" data-element_type=\"widget\" data-widget_type=\"button.default\">\n\t\t\t\t<div class=\"elementor-widget-container\">\n\t\t\t\t\t<div class=\"elementor-button-wrapper\">\n\t\t\t<a href=\"https:\/\/exane.kometia.com\/productos\/preventa-centinela-enarm-pediatria-y-ginecoobstetricia\" class=\"elementor-button-link elementor-button elementor-size-lg\" role=\"button\">\n\t\t\t\t\t\t<span class=\"elementor-button-content-wrapper\">\n\t\t\t\t\t\t<span class=\"elementor-button-text\">Ir a la oferta<\/span>\n\t\t<\/span>\n\t\t\t\t\t<\/a>\n\t\t<\/div>\n\t\t\t\t<\/div>\n\t\t\t\t<\/div>\n\t\t\t\t\t\t<\/div>\n\t\t\t\t\t<\/div>\n\t\t<\/div>\n\t\t\t\t\t\t\t\t<\/div>\n\t\t\t\t\t<\/div>\n\t\t<\/section>\n\t\t\t\t<section class=\"elementor-section elementor-top-section elementor-element elementor-element-fb40a0c elementor-section-stretched elementor-section-boxed elementor-section-height-default elementor-section-height-default\" data-id=\"fb40a0c\" data-element_type=\"section\" data-settings=\"{&quot;stretch_section&quot;:&quot;section-stretched&quot;,&quot;background_background&quot;:&quot;classic&quot;}\">\n\t\t\t\t\t\t<div class=\"elementor-container elementor-column-gap-default\">\n\t\t\t\t\t\t\t<div class=\"elementor-row\">\n\t\t\t\t\t<div class=\"elementor-column elementor-col-100 elementor-top-column elementor-element elementor-element-e96e214\" data-id=\"e96e214\" data-element_type=\"column\">\n\t\t\t<div class=\"elementor-column-wrap elementor-element-populated\">\n\t\t\t\t\t\t\t<div class=\"elementor-widget-wrap\">\n\t\t\t\t\t\t<div class=\"elementor-element elementor-element-c13547a elementor-widget elementor-widget-text-editor\" data-id=\"c13547a\" data-element_type=\"widget\" data-widget_type=\"text-editor.default\">\n\t\t\t\t<div class=\"elementor-widget-container\">\n\t\t\t\t\t\t\t\t<div class=\"elementor-text-editor elementor-clearfix\">\n\t\t\t\t<p><strong>Entra a nuestro canal de casos cl\u00ednicos gratis:<\/strong><\/p>\t\t\t\t\t<\/div>\n\t\t\t\t\t\t<\/div>\n\t\t\t\t<\/div>\n\t\t\t\t<div class=\"elementor-element elementor-element-896942d elementor-widget elementor-widget-image\" data-id=\"896942d\" data-element_type=\"widget\" data-widget_type=\"image.default\">\n\t\t\t\t<div class=\"elementor-widget-container\">\n\t\t\t\t\t\t\t\t<div class=\"elementor-image\">\n\t\t\t\t\t\t\t\t\t\t\t\t\t<a href=\"https:\/\/t.me\/joinchat\/AAAAAEeuNe8JcGn-CaUa9A\">\n\t\t\t\t\t\t\t<img decoding=\"async\" src=\"https:\/\/centinelaenarm.com.mx\/wp-content\/uploads\/2020\/03\/tg.png\" title=\"tg\" alt=\"tg\" \/>\t\t\t\t\t\t\t\t<\/a>\n\t\t\t\t\t\t\t\t\t\t\t\t\t\t<\/div>\n\t\t\t\t\t\t<\/div>\n\t\t\t\t<\/div>\n\t\t\t\t\t\t<\/div>\n\t\t\t\t\t<\/div>\n\t\t<\/div>\n\t\t\t\t\t\t\t\t<\/div>\n\t\t\t\t\t<\/div>\n\t\t<\/section>\n\t\t\t\t\t\t<\/div>\n\t\t\t\t\t\t<\/div>\n\t\t\t\t\t<\/div>\n\t\t","protected":false},"excerpt":{"rendered":"<p>Descarga gu\u00eda de pr\u00e1ctica cl\u00ednica Prevenci\u00f3n, Diagn\u00f3stico y Tratamiento de SEPSIS y CHOQUE S\u00c9PTICO DEL RECI\u00c9N NACIDO, en el Segundo y Tercer Nivel de Atenci\u00f3n [contact-form-7 id=&#8221;1103&#8243; title=&#8221;SS-283-12_RER_SEPSIS_Y_CHOQUE_SxPTICO_RN&#8221;] Ir a la oferta Entra a nuestro canal de casos cl\u00ednicos gratis:<\/p>\n","protected":false},"author":1,"featured_media":0,"parent":0,"menu_order":0,"comment_status":"closed","ping_status":"closed","template":"elementor_canvas","meta":[],"yoast_head":"<!-- This site is optimized with the Yoast SEO plugin v17.7 - https:\/\/yoast.com\/wordpress\/plugins\/seo\/ -->\n<title>Prevenci\u00f3n, Diagn\u00f3stico y Tratamiento de SEPSIS y CHOQUE S\u00c9PTICO DEL RECI\u00c9N NACIDO, en el Segundo y Tercer Nivel de Atenci\u00f3n - Centinela ENARM<\/title>\n<meta name=\"robots\" content=\"index, follow, max-snippet:-1, max-image-preview:large, max-video-preview:-1\" \/>\n<link rel=\"canonical\" href=\"https:\/\/centinelaenarm.com.mx\/index.php\/ss-283-12-rer-sepsis-y-choque-sxptico-rn\/\" \/>\n<meta property=\"og:locale\" content=\"en_US\" \/>\n<meta property=\"og:type\" content=\"article\" \/>\n<meta property=\"og:title\" content=\"Prevenci\u00f3n, Diagn\u00f3stico y Tratamiento de SEPSIS y CHOQUE S\u00c9PTICO DEL RECI\u00c9N NACIDO, en el Segundo y Tercer Nivel de Atenci\u00f3n - Centinela ENARM\" \/>\n<meta property=\"og:description\" content=\"Descarga gu\u00eda de pr\u00e1ctica cl\u00ednica Prevenci\u00f3n, Diagn\u00f3stico y Tratamiento de SEPSIS y CHOQUE S\u00c9PTICO DEL RECI\u00c9N NACIDO, en el Segundo y Tercer Nivel de Atenci\u00f3n [contact-form-7 id=&#8221;1103&#8243; title=&#8221;SS-283-12_RER_SEPSIS_Y_CHOQUE_SxPTICO_RN&#8221;] Ir a la oferta Entra a nuestro canal de casos cl\u00ednicos gratis:\" \/>\n<meta property=\"og:url\" content=\"https:\/\/centinelaenarm.com.mx\/index.php\/ss-283-12-rer-sepsis-y-choque-sxptico-rn\/\" \/>\n<meta property=\"og:site_name\" content=\"Centinela ENARM\" \/>\n<meta property=\"article:modified_time\" content=\"2020-08-31T18:14:22+00:00\" \/>\n<meta property=\"og:image\" content=\"http:\/\/centinelaenarm.com.mx\/wp-content\/uploads\/2020\/08\/SS-283-12_RER_SEPSIS_Y_CHOQUE_SxPTICO_RN-256x300.png\" \/>\n<meta name=\"twitter:card\" content=\"summary_large_image\" \/>\n<script type=\"application\/ld+json\" class=\"yoast-schema-graph\">{\"@context\":\"https:\/\/schema.org\",\"@graph\":[{\"@type\":\"WebSite\",\"@id\":\"https:\/\/centinelaenarm.com.mx\/#website\",\"url\":\"https:\/\/centinelaenarm.com.mx\/\",\"name\":\"Centinela ENARM\",\"description\":\"Curso en l\\u00ednea\",\"potentialAction\":[{\"@type\":\"SearchAction\",\"target\":{\"@type\":\"EntryPoint\",\"urlTemplate\":\"https:\/\/centinelaenarm.com.mx\/?s={search_term_string}\"},\"query-input\":\"required name=search_term_string\"}],\"inLanguage\":\"en-US\"},{\"@type\":\"ImageObject\",\"@id\":\"https:\/\/centinelaenarm.com.mx\/index.php\/ss-283-12-rer-sepsis-y-choque-sxptico-rn\/#primaryimage\",\"inLanguage\":\"en-US\",\"url\":\"http:\/\/centinelaenarm.com.mx\/wp-content\/uploads\/2020\/08\/SS-283-12_RER_SEPSIS_Y_CHOQUE_SxPTICO_RN-256x300.png\",\"contentUrl\":\"http:\/\/centinelaenarm.com.mx\/wp-content\/uploads\/2020\/08\/SS-283-12_RER_SEPSIS_Y_CHOQUE_SxPTICO_RN-256x300.png\"},{\"@type\":\"WebPage\",\"@id\":\"https:\/\/centinelaenarm.com.mx\/index.php\/ss-283-12-rer-sepsis-y-choque-sxptico-rn\/#webpage\",\"url\":\"https:\/\/centinelaenarm.com.mx\/index.php\/ss-283-12-rer-sepsis-y-choque-sxptico-rn\/\",\"name\":\"Prevenci\\u00f3n, Diagn\\u00f3stico y Tratamiento de SEPSIS y CHOQUE S\\u00c9PTICO DEL RECI\\u00c9N NACIDO, en el Segundo y Tercer Nivel de Atenci\\u00f3n - Centinela ENARM\",\"isPartOf\":{\"@id\":\"https:\/\/centinelaenarm.com.mx\/#website\"},\"primaryImageOfPage\":{\"@id\":\"https:\/\/centinelaenarm.com.mx\/index.php\/ss-283-12-rer-sepsis-y-choque-sxptico-rn\/#primaryimage\"},\"datePublished\":\"2020-08-31T18:13:41+00:00\",\"dateModified\":\"2020-08-31T18:14:22+00:00\",\"breadcrumb\":{\"@id\":\"https:\/\/centinelaenarm.com.mx\/index.php\/ss-283-12-rer-sepsis-y-choque-sxptico-rn\/#breadcrumb\"},\"inLanguage\":\"en-US\",\"potentialAction\":[{\"@type\":\"ReadAction\",\"target\":[\"https:\/\/centinelaenarm.com.mx\/index.php\/ss-283-12-rer-sepsis-y-choque-sxptico-rn\/\"]}]},{\"@type\":\"BreadcrumbList\",\"@id\":\"https:\/\/centinelaenarm.com.mx\/index.php\/ss-283-12-rer-sepsis-y-choque-sxptico-rn\/#breadcrumb\",\"itemListElement\":[{\"@type\":\"ListItem\",\"position\":1,\"name\":\"Inicio\",\"item\":\"https:\/\/centinelaenarm.com.mx\/\"},{\"@type\":\"ListItem\",\"position\":2,\"name\":\"Prevenci\\u00f3n, Diagn\\u00f3stico y Tratamiento de SEPSIS y CHOQUE S\\u00c9PTICO DEL RECI\\u00c9N NACIDO, en el Segundo y Tercer Nivel de Atenci\\u00f3n\"}]}]}<\/script>\n<!-- \/ Yoast SEO plugin. -->","yoast_head_json":{"title":"Prevenci\u00f3n, Diagn\u00f3stico y Tratamiento de SEPSIS y CHOQUE S\u00c9PTICO DEL RECI\u00c9N NACIDO, en el Segundo y Tercer Nivel de Atenci\u00f3n - Centinela ENARM","robots":{"index":"index","follow":"follow","max-snippet":"max-snippet:-1","max-image-preview":"max-image-preview:large","max-video-preview":"max-video-preview:-1"},"canonical":"https:\/\/centinelaenarm.com.mx\/index.php\/ss-283-12-rer-sepsis-y-choque-sxptico-rn\/","og_locale":"en_US","og_type":"article","og_title":"Prevenci\u00f3n, Diagn\u00f3stico y Tratamiento de SEPSIS y CHOQUE S\u00c9PTICO DEL RECI\u00c9N NACIDO, en el Segundo y Tercer Nivel de Atenci\u00f3n - Centinela ENARM","og_description":"Descarga gu\u00eda de pr\u00e1ctica cl\u00ednica Prevenci\u00f3n, Diagn\u00f3stico y Tratamiento de SEPSIS y CHOQUE S\u00c9PTICO DEL RECI\u00c9N NACIDO, en el Segundo y Tercer Nivel de Atenci\u00f3n [contact-form-7 id=&#8221;1103&#8243; title=&#8221;SS-283-12_RER_SEPSIS_Y_CHOQUE_SxPTICO_RN&#8221;] Ir a la oferta Entra a nuestro canal de casos cl\u00ednicos gratis:","og_url":"https:\/\/centinelaenarm.com.mx\/index.php\/ss-283-12-rer-sepsis-y-choque-sxptico-rn\/","og_site_name":"Centinela ENARM","article_modified_time":"2020-08-31T18:14:22+00:00","og_image":[{"url":"http:\/\/centinelaenarm.com.mx\/wp-content\/uploads\/2020\/08\/SS-283-12_RER_SEPSIS_Y_CHOQUE_SxPTICO_RN-256x300.png"}],"twitter_card":"summary_large_image","schema":{"@context":"https:\/\/schema.org","@graph":[{"@type":"WebSite","@id":"https:\/\/centinelaenarm.com.mx\/#website","url":"https:\/\/centinelaenarm.com.mx\/","name":"Centinela ENARM","description":"Curso en l\u00ednea","potentialAction":[{"@type":"SearchAction","target":{"@type":"EntryPoint","urlTemplate":"https:\/\/centinelaenarm.com.mx\/?s={search_term_string}"},"query-input":"required name=search_term_string"}],"inLanguage":"en-US"},{"@type":"ImageObject","@id":"https:\/\/centinelaenarm.com.mx\/index.php\/ss-283-12-rer-sepsis-y-choque-sxptico-rn\/#primaryimage","inLanguage":"en-US","url":"http:\/\/centinelaenarm.com.mx\/wp-content\/uploads\/2020\/08\/SS-283-12_RER_SEPSIS_Y_CHOQUE_SxPTICO_RN-256x300.png","contentUrl":"http:\/\/centinelaenarm.com.mx\/wp-content\/uploads\/2020\/08\/SS-283-12_RER_SEPSIS_Y_CHOQUE_SxPTICO_RN-256x300.png"},{"@type":"WebPage","@id":"https:\/\/centinelaenarm.com.mx\/index.php\/ss-283-12-rer-sepsis-y-choque-sxptico-rn\/#webpage","url":"https:\/\/centinelaenarm.com.mx\/index.php\/ss-283-12-rer-sepsis-y-choque-sxptico-rn\/","name":"Prevenci\u00f3n, Diagn\u00f3stico y Tratamiento de SEPSIS y CHOQUE S\u00c9PTICO DEL RECI\u00c9N NACIDO, en el Segundo y Tercer Nivel de Atenci\u00f3n - Centinela ENARM","isPartOf":{"@id":"https:\/\/centinelaenarm.com.mx\/#website"},"primaryImageOfPage":{"@id":"https:\/\/centinelaenarm.com.mx\/index.php\/ss-283-12-rer-sepsis-y-choque-sxptico-rn\/#primaryimage"},"datePublished":"2020-08-31T18:13:41+00:00","dateModified":"2020-08-31T18:14:22+00:00","breadcrumb":{"@id":"https:\/\/centinelaenarm.com.mx\/index.php\/ss-283-12-rer-sepsis-y-choque-sxptico-rn\/#breadcrumb"},"inLanguage":"en-US","potentialAction":[{"@type":"ReadAction","target":["https:\/\/centinelaenarm.com.mx\/index.php\/ss-283-12-rer-sepsis-y-choque-sxptico-rn\/"]}]},{"@type":"BreadcrumbList","@id":"https:\/\/centinelaenarm.com.mx\/index.php\/ss-283-12-rer-sepsis-y-choque-sxptico-rn\/#breadcrumb","itemListElement":[{"@type":"ListItem","position":1,"name":"Inicio","item":"https:\/\/centinelaenarm.com.mx\/"},{"@type":"ListItem","position":2,"name":"Prevenci\u00f3n, Diagn\u00f3stico y Tratamiento de SEPSIS y CHOQUE S\u00c9PTICO DEL RECI\u00c9N NACIDO, en el Segundo y Tercer Nivel de Atenci\u00f3n"}]}]}},"_links":{"self":[{"href":"https:\/\/centinelaenarm.com.mx\/index.php\/wp-json\/wp\/v2\/pages\/1118"}],"collection":[{"href":"https:\/\/centinelaenarm.com.mx\/index.php\/wp-json\/wp\/v2\/pages"}],"about":[{"href":"https:\/\/centinelaenarm.com.mx\/index.php\/wp-json\/wp\/v2\/types\/page"}],"author":[{"embeddable":true,"href":"https:\/\/centinelaenarm.com.mx\/index.php\/wp-json\/wp\/v2\/users\/1"}],"replies":[{"embeddable":true,"href":"https:\/\/centinelaenarm.com.mx\/index.php\/wp-json\/wp\/v2\/comments?post=1118"}],"version-history":[{"count":3,"href":"https:\/\/centinelaenarm.com.mx\/index.php\/wp-json\/wp\/v2\/pages\/1118\/revisions"}],"predecessor-version":[{"id":1865,"href":"https:\/\/centinelaenarm.com.mx\/index.php\/wp-json\/wp\/v2\/pages\/1118\/revisions\/1865"}],"wp:attachment":[{"href":"https:\/\/centinelaenarm.com.mx\/index.php\/wp-json\/wp\/v2\/media?parent=1118"}],"curies":[{"name":"wp","href":"https:\/\/api.w.org\/{rel}","templated":true}]}}